{"id":2,"date":"2009-12-23T19:24:53","date_gmt":"2009-12-23T18:24:53","guid":{"rendered":"http:\/\/sdhsimanov.unas.cz\/?page_id=2"},"modified":"2016-05-13T15:03:26","modified_gmt":"2016-05-13T14:03:26","slug":"o-webu","status":"publish","type":"page","link":"https:\/\/sdh.simanov.cz\/?page_id=2","title":{"rendered":"Historie"},"content":{"rendered":"<p class=\"MsoNormal\">Hasi\u010dsk\u00fd sbor v \u0160imanov\u011b byl zalo\u017een v roce 1896. V dob\u011b jeho zalo\u017een\u00ed m\u011bl sbor 30 \u010dlen\u016f. Z toho bylo 27 \u010dinn\u00fdch a 4 \u010dlenov\u011b p\u0159isp\u00edvaj\u00edc\u00ed. Ve v\u00fdbav\u011b m\u011bli jednu \u010dty\u0159kolovou st\u0159\u00edka\u010dku ta\u017eenou ko\u0148mi, 140 metr\u016f hadic, 4 metry savic, 4 \u017eeb\u0159\u00edky. Cena ve\u0161ker\u00e9ho n\u00e1\u010din\u00ed byla 26 000 K\u010d. Prvn\u00edm velitelem sboru byl z\u0159ejm\u011b Anton\u00edn Nov\u00e1k (\u010d. p. 21). Mezi st\u00e1l\u00e9 \u010dleny hasi\u010dsk\u00e9ho sboru pat\u0159ili Josef Hejsek (\u010d. p. 62), Karel Pot\u011b\u0161il (\u010d. p. 1), Karel Bla\u017eek (\u010d. p. 18), Franti\u0161ek Hejsek (\u010d. p. 16), Karel Honsa (\u010d. p. 83), Bohuslav Honsa (\u010d. p. 73), Josef Nov\u00e1k (\u010d. p. 17), Jaroslav \u0160mergl (\u010d. p. 38). Pozd\u011bj\u0161\u00edm velitelem byl Jaroslav Jaro\u0161 (\u010d. p. 24).<\/p>\n<p class=\"MsoNormal\">Prvn\u00ed \u017eensk\u00e9 dru\u017estvo bylo zalo\u017eeno v roce 1950.<\/p>\n<p class=\"MsoNormal\">V\u00edce z\u00a0historie se n\u00e1m nedochovalo, kronika byla ztracena.<\/p>\n<p class=\"MsoNormal\">V roce 1996 sbor dobrovoln\u00fdch hasi\u010d\u016f oslavil 100 let. V roce 1997, kdy byl starostou Lud\u011bk Vr\u00e1na, velitelem Roman Norek, strojn\u00edkem Miroslav Fejt a Petr Honsa, preventistou Pavel Honsa, byl sbor dobrovoln\u00fdch hasi\u010d\u016f zru\u0161en. Znovu zalo\u017een byl a\u017e v roce 2007 Jarom\u00edrem Spudilem a Petrem Honsou.<\/p>\n<p class=\"MsoNormal\">V roce 2007 byl volen starostou Jarom\u00edr Spudil, velitelem Radek Je\u0159\u00e1bek, strojn\u00edkem Ji\u0159\u00ed Je\u0159\u00e1bek a Jarom\u00edr Spudil. Sbor \u010d\u00edtal 12 \u010dlen\u016f. Za okrsek \u010d. 16 V\u011btrn\u00fd Jen\u00edkov byl zvolen Old\u0159ich Baudy\u0161 jako starosta.<\/p>\n<p class=\"MsoNormal\">V roce 2009 byla jednotka povol\u00e1na k z\u00e1sahu po\u017e\u00e1ru telefonn\u00edho automatu na pl\u00e1\u0161ti budovy prodejny v \u0160imanov\u011b. Od ministerstva vnitra \u010cR obdr\u017eel sbor sedm z\u00e1sahov\u00fdch oblek\u016f v hodnot\u011b 59.800 K\u010d. Z rozpo\u010dtu obce \u0160imanov bylo zakoupeno hasi\u010dsk\u00e9 vybaven\u00ed (rozd\u011blova\u010d, \u0161tafetov\u00e9 hadice, sac\u00ed ko\u0161, savice pro nar\u00e1\u017een\u00ed). Sbor se z\u00fa\u010dastnil sout\u011b\u017e\u00ed ve V\u011btrn\u00e9m Jen\u00edkov\u011b, Hybr\u00e1lci, Smr\u010dn\u00e9 a B\u00edl\u00e9m Kameni.<\/p>\n<p class=\"MsoNormal\">V roce 2010 m\u011bl sbor 26 \u010dlen\u016f (14 m\u016f\u017eu, 12 \u017een). Z rozpo\u010dtu obce \u0160imanov se nakoupilo hasi\u010dsk\u00e9 vybaven\u00ed (hasi\u010dsk\u00e1 st\u0159\u00edka\u010dka PS 15). Byl vybudov\u00e1n asfaltov\u00fd sjezd k hasi\u010dsk\u00e9 zbrojnici a byly zalo\u017eeny internetov\u00e9 str\u00e1nky SDH \u0160imanov. V tomto roce byly vyrobeny \u0161tafetov\u00e9 p\u0159ek\u00e1\u017eky (l\u00e1vka, bari\u00e9ra velk\u00e1 a mal\u00e1, okno). Na v\u00fdrob\u011b se pod\u00edlel Jarom\u00edr Spudil a Radek Je\u0159\u00e1bek. V roce 2010 se jednotka z\u00fa\u010dastnila n\u00e1m\u011btov\u00e9ho cvi\u010den\u00ed 9.10. v 14:30 ve V\u011btrn\u00e9m Jen\u00edkov\u011b. N\u00e1pl\u0148 cvi\u010den\u00ed byla doprava vody k centru po\u017e\u00e1ru.\u00a0\u00da\u010dast na t\u011bchto sout\u011b\u017e\u00ed: B\u00edl\u00fd K\u00e1men, Smr\u010dn\u00e1, Dobroutov, Kalhov, B\u00edl\u00fd K\u00e1men, Plandry, \u0160imanov. Poprv\u00e9 jsme organizovali hasi\u010dskou sout\u011b\u017e v \u0160imanov\u011b.<\/p>\n<p class=\"MsoNormal\">V roce 2011 sbor \u010d\u00edt\u00e1 28 \u010dlen\u016f (17 mu\u017e\u016f, 11 \u017een). Jmenovit\u011b Jarom\u00edr Spudil &#8211; starosta, strojn\u00edk, preventista, Radek Je\u0159\u00e1bek &#8211; velitel, strojn\u00edk, Ji\u0159\u00ed Je\u0159\u00e1bek &#8211; strojn\u00edk, Radek Parva &#8211; strojn\u00edk, Luk\u00e1\u0161 Holub\u00a0&#8211; preventista, \u010dlenov\u00e9: Tom\u00e1\u0161 Hovorka, Ale\u0161 Spudil, Miroslav Tom\u00e1\u0161ek, Roman Norek, Petr Michalec, Petr Honsa, Petr Je\u0159\u00e1bek, Vojt\u011bch Hovorka, Zbyn\u011bk Sochor, Lud\u011bk Vr\u00e1na, Milan Bla\u017eek, Jakub Brychta, Hana Spudilov\u00e1, Petra Munduchov\u00e1, Barbora Tom\u00e1\u0161kov\u00e1, Lucie Kub\u00ednov\u00e1, Stanislava \u0160t\u011bp\u00e1nov\u00e1, Ivana Michalcov\u00e1, Michaela Sochorov\u00e1, Lucie Parvov\u00e1, Monika Hejskov\u00e1, Kate\u0159ina Je\u0159\u00e1bkov\u00e1. V roce 2011 byly volby na pozice starosty a velitele SDH \u0160imanov. Za starostu byl zvolen Jarom\u00edr Spudil, za velitele Radek Je\u0159\u00e1bek. Dru\u017estva se z\u00fa\u010dastnila \u0159ady sout\u011b\u017e\u00ed. B\u011bhem prvn\u00edho pololet\u00ed se zpracovaly n\u00e1vrhy na ud\u011blen\u00ed medail\u00ed sv. Flori\u00e1na, \u010destn\u00e9 \u010dleny a \u010destn\u00e1 uzn\u00e1n\u00ed, kter\u00e1 byla p\u0159ed\u00e1na na poh\u00e1rov\u00e9 sout\u011b\u017ei v \u0160imanov\u011b dne 3.9.2011. Medaile sv. Flori\u00e1na: Miroslav Fejt, Josef Nov\u00e1k, Franti\u0161ek Ry\u0161av\u00fd. \u010cestn\u00ed \u010dlenov\u00e9: Karel Bajer, Miroslav Fejt, Ji\u0159\u00ed Hezina, Josef Honsa, Pavel Honsa, Petr Honsa, Ji\u0159\u00ed Nosek, Bohuslav Oubrecht, Vladim\u00edr Ry\u0161av\u00fd, Tom\u00e1\u0161 Studni\u010dka, Franti\u0161ek \u0160t\u011bp\u00e1n, Josef \u0160t\u011bp\u00e1n. \u010cestn\u00e1 uzn\u00e1n\u00ed OSH: Milan Bla\u017eek, Petr Honsa, Tom\u00e1\u0161 Hovorka, Vojt\u011bch Hovorka, Ji\u0159\u00ed Je\u0159\u00e1bek, Petr Je\u0159\u00e1bek, Kate\u0159ina Je\u0159\u00e1bkov\u00e1, Lucie Kub\u00ednov\u00e1, Roman Norek, Ale\u0161 Spudil, Jarom\u00edr Spudil, Hana Spudilov\u00e1, Lud\u011bk Vr\u00e1na. Z rozpo\u010dtu obce \u0160imanov bylo zakoupeno hasi\u010dsk\u00e9 vybaven\u00ed (sada po\u017e\u00e1rn\u00edch hadic) v hodnot\u011b 18.500 K\u010d. Bylo zakoupeno nov\u00e9 hasi\u010dsk\u00e9 auto Avia A30 (cena auta 20.000 K\u010d) financov\u00e1no Radom\u00edrem Parvou 10.000 K\u010d a obc\u00ed \u0160imanov 10.000 K\u010d. Za pomoci sponzoru sbor po\u0159\u00eddil sadu sportovn\u00edch dres\u016f a vlajku.<\/p>\n<p class=\"MsoNormal\">V roce 2012 je v SDH \u0160imanov 28 \u010dlen\u016f. Nov\u00ed \u010dlenov\u00e9: Jakub Brychta, Jaroslav \u0160t\u011bpni\u010dka. V lednu jsme zakoupili 4 vych\u00e1zkov\u00e9 uniformy (Ji\u0159\u00ed Je\u0159\u00e1bek, Petr Je\u0159\u00e1bek, Tom\u00e1\u0161 Hovorka, Lud\u011bk Vr\u00e1na) , dv\u011b byly zakoupen\u00e9 v roce 2009 (Jarom\u00edr Spudil, Radek Je\u0159\u00e1bek). Zorganizoval se prvn\u00ed hasi\u010dsk\u00fd ples 11.2., kter\u00fd se konal ve Zbilidech. Prodalo se 180 l\u00edstk\u016f a bylo vyprod\u00e1no. V dubnu prob\u011bhl sb\u011br \u017eeleza. Z jara tohoto roku zem\u0159el n\u00e1\u0161 nejstar\u0161\u00ed \u010dlen Miloslav Fejt, kter\u00fd byl \u010dlenem od roku 1956. Okrskov\u00e1 sout\u011b\u017e se konala ve V\u011btrn\u00e9m Jen\u00edkov\u011b, kde mu\u017ei obh\u00e1jili prvn\u00ed m\u00edsto z lo\u0148sk\u00e9ho roku a \u017eeny skon\u010dily na druh\u00e9m m\u00edst\u011b. vy\u0159\u00edzen\u00ed stavebn\u00edho povolen\u00ed na hasi\u010dskou zbrojnici a zah\u00e1jen\u00ed stavebn\u00edch prac\u00ed. Kompletn\u011b byla zbour\u00e1na star\u00e1 hasi\u010dsk\u00e1 zbrojnice a na jej\u00edm m\u00edst\u011b vyrostla nov\u00e1 z\u00e1kladn\u00ed deska. V roce 2012 bylo \u0161kolen\u00ed dvou \u010dlen\u016f na rozhod\u010d\u00ed &#8211; Jarom\u00edr Spudil, Tom\u00e1\u0161 Hovorka. Zkou\u0161ky slo\u017eili \u00fasp\u011b\u0161n\u011b. Zakoupen\u00ed st\u0159\u00edka\u010dky PS 12 za 15.000 K\u010d. SDH \u0160imanov po\u0159\u00e1dalo 3. ro\u010dn\u00edk sout\u011b\u017ee O poh\u00e1r starosty \u0160imanov v po\u017e\u00e1rn\u00edm sportu. Sout\u011b\u017ee se z\u00fa\u010dastnilo 15 mu\u017esk\u00fdch a 5 \u017eensk\u00fdch dru\u017estev. Na hasi\u010dsk\u00e9m h\u0159i\u0161ti jsme vybudovali novou hasi\u010dskou z\u00e1kladnu ze z\u00e1mkov\u00e9 dla\u017eby. Zakoupili jsme i novou hasi\u010dskou k\u00e1\u010f na po\u0159\u00e1dn\u00ed sport. Pod\u00edleli jsme se na kulturn\u00edch akc\u00edch v \u0160imanov\u011b: \u010darod\u011bjnice, stav\u011bn\u00ed m\u00e1je, kulturn\u00ed l\u00e9to, pou\u0165. Po\u010det sout\u011b\u017e\u00ed: 9, Nejlep\u0161\u00ed \u010das na s\u00e1n\u00ed: 22:00 vte\u0159in, Nejlep\u0161\u00ed \u010das na nar\u00e1\u017een\u00ed na 3B 23:42 vte\u0159in, na 2B 18:02 vte\u0159in. V sobotu 17. listopadu se konala v\u00fdro\u010dn\u00ed sch\u016fze.<\/p>\n<p><strong>Zah\u00e1jen\u00ed prac\u00ed na nov\u00e9 hasi\u010dsk\u00e9 zbrojnici<\/strong><\/p>\n<p>V roce 2012 bylo zapo\u010dato bour\u00e1n\u00ed star\u00e9 hasi\u010d\u00e1rny. V 6:00 r\u00e1no se za\u010dala vykl\u00edzet hasi\u010d\u00e1rna a v odpoledn\u00edch hodin\u00e1ch se za\u010dala sund\u00e1vat krytina (p\u00e1len\u00e1 ta\u0161ka) Druh\u00fd den se za\u010dal bourat krov a d\u0159ev\u011bn\u00fd strop. Firma IPOS za\u010dala bourat obvodov\u00e9 zdivo, stavebn\u00ed su\u0165 odv\u00e1\u017eela do Vyskytn\u00e9 na skl\u00e1dku a kamen\u00ed bylo ulo\u017eeno na skl\u00e1dce v\u00a0\u0160imanov\u011b. Potom bylo kamen\u00ed pou\u017eito na dod\u011bl\u00e1n\u00ed z\u00e1kladov\u00e9 desky na nov\u00e9 hasi\u010d\u00e1rn\u011b. 28.9. 2012 se za\u010dala d\u011blat z\u00e1kladov\u00e1 deska. Z\u00e1klady n\u00e1m bagrovala firma IPOS, d\u00edru na z\u00e1klady jsme vysypali kamen\u00edm a zabetonovali. 6.10. 2012 hned r\u00e1no jsme ud\u011blali odpady a odpoledne za\u010dali m\u00edchat beton obecn\u00ed m\u00edcha\u010dkou. T\u00edmto jsme zakon\u010dili stavebn\u00ed pr\u00e1ce pro rok 2012. Celou stavbu jsme zazimovali a \u010dekali na dal\u0161\u00ed rok.<\/p>\n<p class=\"MsoNormal\">\n","protected":false},"excerpt":{"rendered":"<p>Hasi\u010dsk\u00fd sbor v \u0160imanov\u011b byl zalo\u017een v roce 1896. V dob\u011b jeho zalo\u017een\u00ed m\u011bl sbor 30 \u010dlen\u016f. Z toho bylo 27 \u010dinn\u00fdch a 4 \u010dlenov\u011b p\u0159isp\u00edvaj\u00edc\u00ed. Ve v\u00fdbav\u011b m\u011bli jednu \u010dty\u0159kolovou st\u0159\u00edka\u010dku ta\u017eenou ko\u0148mi, 140 metr\u016f hadic, 4 metry savic, 4 \u017eeb\u0159\u00edky. Cena ve\u0161ker\u00e9ho n\u00e1\u010din\u00ed byla 26 000 K\u010d. Prvn\u00edm velitelem sboru byl z\u0159ejm\u011b Anton\u00edn [&hellip;]<\/p>\n","protected":false},"author":1,"featured_media":0,"parent":0,"menu_order":0,"comment_status":"open","ping_status":"open","template":"","meta":{"footnotes":""},"class_list":["post-2","page","type-page","status-publish","hentry"],"_links":{"self":[{"href":"https:\/\/sdh.simanov.cz\/index.php?rest_route=\/wp\/v2\/pages\/2","targetHints":{"allow":["GET"]}}],"collection":[{"href":"https:\/\/sdh.simanov.cz\/index.php?rest_route=\/wp\/v2\/pages"}],"about":[{"href":"https:\/\/sdh.simanov.cz\/index.php?rest_route=\/wp\/v2\/types\/page"}],"author":[{"embeddable":true,"href":"https:\/\/sdh.simanov.cz\/index.php?rest_route=\/wp\/v2\/users\/1"}],"replies":[{"embeddable":true,"href":"https:\/\/sdh.simanov.cz\/index.php?rest_route=%2Fwp%2Fv2%2Fcomments&post=2"}],"version-history":[{"count":5,"href":"https:\/\/sdh.simanov.cz\/index.php?rest_route=\/wp\/v2\/pages\/2\/revisions"}],"predecessor-version":[{"id":671,"href":"https:\/\/sdh.simanov.cz\/index.php?rest_route=\/wp\/v2\/pages\/2\/revisions\/671"}],"wp:attachment":[{"href":"https:\/\/sdh.simanov.cz\/index.php?rest_route=%2Fwp%2Fv2%2Fmedia&parent=2"}],"curies":[{"name":"wp","href":"https:\/\/api.w.org\/{rel}","templated":true}]}}